{"id":3661,"date":"2016-11-04T14:39:05","date_gmt":"2016-11-04T14:39:05","guid":{"rendered":"https:\/\/rhomberg-sersa-service.de\/home\/"},"modified":"2024-06-18T04:01:50","modified_gmt":"2024-06-18T04:01:50","slug":"rail-maintenance-solution-reliable-railway-network","status":"publish","type":"page","link":"https:\/\/rsv.gmbh\/en\/","title":{"rendered":"Home"},"content":{"rendered":"<div id=\"cs-content\" class=\"cs-content\"  ><div id=\"x-section-1\" class=\"x-section\" style=\"margin: 0px;padding: 45px 0px; background-color: transparent;\"  ><div class=\"x-container max width\" style=\"margin: 0px auto;padding: 0px;\"  ><div  class=\"x-column x-sm x-1-1\" style=\"padding: 0px;\" ><div class=\"x-text\" style=\"font-size:16px;\"  ><h1><strong>Rail Maintenance Solution sets the course for a reliable railway network<\/strong><\/h1>\n<p>Spezialisiert auf die Instandhaltung von Weichen und Gleisen bieten wir unseren Kunden ein breites Spektrum an Serviceleistungen f\u00fcr die Bewirtschaftung ihrer wertvollen Infrastruktur. Neben der betriebssicheren und wirtschaftlichen Vorhaltung des Fahrwegs liegt unser Fokus auf dem Werterhalt der gesamten Gleisinfrastruktur. Gemeinsam mit unseren Kunden und Partnern erzielen wir einen langfristigen Substanzerhalt mit ausgezeichnetem Kosten-Nutzen-Verh\u00e4ltnis.<\/p>\n<ul>\n<li><strong>Inspektion<\/strong>: Weichen- und Gleisanlagen umfassend zu inspizieren, auszuwerten und zu diagnostizieren ist eine Basisaufgabe, die die Qualit\u00e4t der gesamten Instandhaltung entscheidend beeinflusst. Unser digitales Inspektionssystem schafft daf\u00fcr die notwendige Transparenz f\u00fcr zustandsorientierte Instandhaltung: Expertensysteme analysieren, bewerten objektiv und m\u00fcnden in konkrete Ma\u00dfnahmen, mit denen sich die Instandhaltung sinnvoll und effektiv planen l\u00e4sst. Aus Daten werden Informationen.<\/li>\n<li><strong>Wartung<\/strong>: Erg\u00e4nzt wird die am Zustand der Anlagen ausgerichtete Instandhaltung durch bedarfsgerechte und sinnvolle Pr\u00e4vention, die eine langfristige Wirtschaftlichkeit der Infrastruktur sichert. Gut gepflegt h\u00e4lt l\u00e4nger.<\/li>\n<li><strong>Instandsetzung<\/strong>: Sowohl bei der Wiederherstellung des betriebssicheren Zustands wie auch bei Ma\u00dfnahmen zum Substanzerhalt, verfolgen wir einen ganzheitliche Ansatz, um die Zahl der Schnittstellen zu minimieren. Alles aus einer Hand.<\/li>\n<li><strong>Anlagenmanagement<\/strong>: Spezialisten k\u00fcmmern sich um die Konzeption und das Management Ihrer Infrastrukturinstandhaltung nach betriebswirtschaftlichen und ingenieurtechnischen Kriterien. Das bedeutet Planungssicherheit und Konzentration auf das Kerngesch\u00e4ft. Rundum sorglose Instandhaltung.<\/li>\n<li><strong>Schulung<\/strong>: Kompetenz und Insider-Wissen rund um den schienengef\u00fchrten Verkehr. Mit unseren BahnWege-Seminaren tragen wir aktiv zur Entsch\u00e4rfung des Fachkr\u00e4ftemangels bei. Kompetenz mit Leidenschaft.<\/li>\n<\/ul>\n<p><em>Rhomberg Sersa Vossloh &#8211; aus Daten werden Taten!<\/em><\/p>\n<\/div><\/div><\/div><\/div><\/div>\n","protected":false},"excerpt":{"rendered":"","protected":false},"author":2,"featured_media":0,"parent":0,"menu_order":0,"comment_status":"closed","ping_status":"closed","template":"template-blank-4.php","meta":[],"yoast_head":"<!-- This site is optimized with the Yoast SEO plugin v19.7.2 - https:\/\/yoast.com\/wordpress\/plugins\/seo\/ -->\n<title>Home - Rhomberg Sersa Vossloh GmbH<\/title>\n<meta name=\"description\" content=\"The full service of RSV&#039;s Rail Maintenance Solution includes inspection, maintenance, repair, system management &amp; training. Click here for more information.\" \/>\n<meta name=\"robots\" content=\"index, follow, max-snippet:-1, max-image-preview:large, max-video-preview:-1\" \/>\n<link rel=\"canonical\" href=\"https:\/\/rsv.gmbh\/en\/\" \/>\n<meta property=\"og:locale\" content=\"en_US\" \/>\n<meta property=\"og:type\" content=\"article\" \/>\n<meta property=\"og:title\" content=\"Home - Rhomberg Sersa Vossloh GmbH\" \/>\n<meta property=\"og:description\" content=\"The full service of RSV&#039;s Rail Maintenance Solution includes inspection, maintenance, repair, system management &amp; training. Click here for more information.\" \/>\n<meta property=\"og:url\" content=\"https:\/\/rsv.gmbh\/en\/\" \/>\n<meta property=\"og:site_name\" content=\"Rhomberg Sersa Vossloh GmbH\" \/>\n<meta property=\"article:modified_time\" content=\"2024-06-18T04:01:50+00:00\" \/>\n<meta name=\"twitter:card\" content=\"summary_large_image\" \/>\n<meta name=\"twitter:label1\" content=\"Est. reading time\" \/>\n\t<meta name=\"twitter:data1\" content=\"2 minutes\" \/>\n<script type=\"application\/ld+json\" class=\"yoast-schema-graph\">{\"@context\":\"https:\/\/schema.org\",\"@graph\":[{\"@type\":\"WebPage\",\"@id\":\"https:\/\/rsv.gmbh\/en\/\",\"url\":\"https:\/\/rsv.gmbh\/en\/\",\"name\":\"Home - Rhomberg Sersa Vossloh GmbH\",\"isPartOf\":{\"@id\":\"https:\/\/rsv.gmbh\/en\/#website\"},\"datePublished\":\"2016-11-04T14:39:05+00:00\",\"dateModified\":\"2024-06-18T04:01:50+00:00\",\"description\":\"The full service of RSV's Rail Maintenance Solution includes inspection, maintenance, repair, system management & training. Click here for more information.\",\"breadcrumb\":{\"@id\":\"https:\/\/rsv.gmbh\/en\/#breadcrumb\"},\"inLanguage\":\"en-US\",\"potentialAction\":[{\"@type\":\"ReadAction\",\"target\":[\"https:\/\/rsv.gmbh\/en\/\"]}]},{\"@type\":\"BreadcrumbList\",\"@id\":\"https:\/\/rsv.gmbh\/en\/#breadcrumb\",\"itemListElement\":[{\"@type\":\"ListItem\",\"position\":1,\"name\":\"Startseite\",\"item\":\"https:\/\/rsv.gmbh\/en\/\"},{\"@type\":\"ListItem\",\"position\":2,\"name\":\"Home\"}]},{\"@type\":\"WebSite\",\"@id\":\"https:\/\/rsv.gmbh\/en\/#website\",\"url\":\"https:\/\/rsv.gmbh\/en\/\",\"name\":\"Rhomberg Sersa Vossloh GmbH\",\"description\":\"\",\"publisher\":{\"@id\":\"https:\/\/rsv.gmbh\/en\/#organization\"},\"potentialAction\":[{\"@type\":\"SearchAction\",\"target\":{\"@type\":\"EntryPoint\",\"urlTemplate\":\"https:\/\/rsv.gmbh\/en\/?s={search_term_string}\"},\"query-input\":\"required name=search_term_string\"}],\"inLanguage\":\"en-US\"},{\"@type\":\"Organization\",\"@id\":\"https:\/\/rsv.gmbh\/en\/#organization\",\"name\":\"Rhomberg Sersa Vossloh GmbH\",\"url\":\"https:\/\/rsv.gmbh\/en\/\",\"sameAs\":[],\"logo\":{\"@type\":\"ImageObject\",\"inLanguage\":\"en-US\",\"@id\":\"https:\/\/rsv.gmbh\/en\/#\/schema\/logo\/image\/\",\"url\":\"https:\/\/rsv.gmbh\/wp-content\/uploads\/2018\/12\/Logo_RSV.png\",\"contentUrl\":\"https:\/\/rsv.gmbh\/wp-content\/uploads\/2018\/12\/Logo_RSV.png\",\"width\":900,\"height\":385,\"caption\":\"Rhomberg Sersa Vossloh GmbH\"},\"image\":{\"@id\":\"https:\/\/rsv.gmbh\/en\/#\/schema\/logo\/image\/\"}}]}<\/script>\n<!-- \/ Yoast SEO plugin. -->","yoast_head_json":{"title":"Home - Rhomberg Sersa Vossloh GmbH","description":"The full service of RSV's Rail Maintenance Solution includes inspection, maintenance, repair, system management & training. Click here for more information.","robots":{"index":"index","follow":"follow","max-snippet":"max-snippet:-1","max-image-preview":"max-image-preview:large","max-video-preview":"max-video-preview:-1"},"canonical":"https:\/\/rsv.gmbh\/en\/","og_locale":"en_US","og_type":"article","og_title":"Home - Rhomberg Sersa Vossloh GmbH","og_description":"The full service of RSV's Rail Maintenance Solution includes inspection, maintenance, repair, system management & training. Click here for more information.","og_url":"https:\/\/rsv.gmbh\/en\/","og_site_name":"Rhomberg Sersa Vossloh GmbH","article_modified_time":"2024-06-18T04:01:50+00:00","twitter_card":"summary_large_image","twitter_misc":{"Est. reading time":"2 minutes"},"schema":{"@context":"https:\/\/schema.org","@graph":[{"@type":"WebPage","@id":"https:\/\/rsv.gmbh\/en\/","url":"https:\/\/rsv.gmbh\/en\/","name":"Home - Rhomberg Sersa Vossloh GmbH","isPartOf":{"@id":"https:\/\/rsv.gmbh\/en\/#website"},"datePublished":"2016-11-04T14:39:05+00:00","dateModified":"2024-06-18T04:01:50+00:00","description":"The full service of RSV's Rail Maintenance Solution includes inspection, maintenance, repair, system management & training. Click here for more information.","breadcrumb":{"@id":"https:\/\/rsv.gmbh\/en\/#breadcrumb"},"inLanguage":"en-US","potentialAction":[{"@type":"ReadAction","target":["https:\/\/rsv.gmbh\/en\/"]}]},{"@type":"BreadcrumbList","@id":"https:\/\/rsv.gmbh\/en\/#breadcrumb","itemListElement":[{"@type":"ListItem","position":1,"name":"Startseite","item":"https:\/\/rsv.gmbh\/en\/"},{"@type":"ListItem","position":2,"name":"Home"}]},{"@type":"WebSite","@id":"https:\/\/rsv.gmbh\/en\/#website","url":"https:\/\/rsv.gmbh\/en\/","name":"Rhomberg Sersa Vossloh GmbH","description":"","publisher":{"@id":"https:\/\/rsv.gmbh\/en\/#organization"},"potentialAction":[{"@type":"SearchAction","target":{"@type":"EntryPoint","urlTemplate":"https:\/\/rsv.gmbh\/en\/?s={search_term_string}"},"query-input":"required name=search_term_string"}],"inLanguage":"en-US"},{"@type":"Organization","@id":"https:\/\/rsv.gmbh\/en\/#organization","name":"Rhomberg Sersa Vossloh GmbH","url":"https:\/\/rsv.gmbh\/en\/","sameAs":[],"logo":{"@type":"ImageObject","inLanguage":"en-US","@id":"https:\/\/rsv.gmbh\/en\/#\/schema\/logo\/image\/","url":"https:\/\/rsv.gmbh\/wp-content\/uploads\/2018\/12\/Logo_RSV.png","contentUrl":"https:\/\/rsv.gmbh\/wp-content\/uploads\/2018\/12\/Logo_RSV.png","width":900,"height":385,"caption":"Rhomberg Sersa Vossloh GmbH"},"image":{"@id":"https:\/\/rsv.gmbh\/en\/#\/schema\/logo\/image\/"}}]}},"_links":{"self":[{"href":"https:\/\/rsv.gmbh\/en\/wp-json\/wp\/v2\/pages\/3661"}],"collection":[{"href":"https:\/\/rsv.gmbh\/en\/wp-json\/wp\/v2\/pages"}],"about":[{"href":"https:\/\/rsv.gmbh\/en\/wp-json\/wp\/v2\/types\/page"}],"author":[{"embeddable":true,"href":"https:\/\/rsv.gmbh\/en\/wp-json\/wp\/v2\/users\/2"}],"replies":[{"embeddable":true,"href":"https:\/\/rsv.gmbh\/en\/wp-json\/wp\/v2\/comments?post=3661"}],"version-history":[{"count":6,"href":"https:\/\/rsv.gmbh\/en\/wp-json\/wp\/v2\/pages\/3661\/revisions"}],"predecessor-version":[{"id":7290,"href":"https:\/\/rsv.gmbh\/en\/wp-json\/wp\/v2\/pages\/3661\/revisions\/7290"}],"wp:attachment":[{"href":"https:\/\/rsv.gmbh\/en\/wp-json\/wp\/v2\/media?parent=3661"}],"curies":[{"name":"wp","href":"https:\/\/api.w.org\/{rel}","templated":true}]}}