{"id":3760,"date":"2016-11-24T16:24:55","date_gmt":"2016-11-24T16:24:55","guid":{"rendered":"https:\/\/rhomberg-sersa-service.de\/impressum\/"},"modified":"2025-08-06T07:26:00","modified_gmt":"2025-08-06T07:26:00","slug":"impressum","status":"publish","type":"page","link":"https:\/\/rsv.gmbh\/en\/impressum\/","title":{"rendered":"Impressum"},"content":{"rendered":"<div id=\"cs-content\" class=\"cs-content\"  ><div id=\"x-section-1\" class=\"x-section\" style=\"margin: 0px;padding: 0px 0px 45px; background-color: transparent;\"  ><div class=\"x-container max width\" style=\"margin: 0px auto;padding: 0px;\"  ><div  class=\"x-column x-sm cs-ta-left x-1-1\" style=\"padding: 0px;\" ><div class=\"x-text\"  ><h4 class=\"p1\"><span class=\"s1\" style=\"color: #333333;\"><b>Impressum<\/b><\/span><\/h4>\n<div id=\"c7926\" class=\"csc-default\">\n<p><b>Anschrift:<br \/>\n<\/b>Rhomberg Sersa Vossloh GmbH<br \/>\nIndustriepark Region Trier<br \/>\nJean-Monnet-Stra\u00dfe 14<br \/>\n54343 F\u00f6hren<\/p>\n<p><b>Kontaktinformation:<br \/>\n<\/b>Tel: +49 6502 98790 00<br \/>\nEmail: info(at)rsv(dot)gmbh<br \/>\nInternet: <a href=\"http:\/\/rsv.gmbh\" target=\"_blank\" rel=\"noopener noreferrer\">www.rsv.gmbh<\/a><\/p>\n<p><b>Standort Schulungen<br \/>\n<\/b>Rhomberg Sersa Vossloh GmbH<b><br \/>\n<\/b>Industriepark Region Trier<strong><br \/>\n<\/strong>Jean-Monnet-Stra\u00dfe 14<br \/>\n54343 F\u00f6hren<\/p>\n<p>Tel: +49 6502 98790 00<br \/>\nEmail: <a>info(at)rsv(dot)gmbh<\/a><\/p>\n<p>Vertretungsberechtigte Gesch\u00e4ftsf\u00fchrer<br \/>\nAndreas MARX<br \/>\nSebastian MEYER<\/p>\n<p>Registergericht: \u00a0Amtsgericht Wittlich<br \/>\nRegisternummer \u00a0HRB 44488\u2069<br \/>\nUmsatzsteuer-Identifikationsnummer gem\u00e4\u00df \u00a7 27a Umsatzsteuergesetz: USt.-ID.: DE313495098<\/p>\n<\/div>\n<div id=\"c7920\" class=\"csc-default\">\n<div class=\"csc-header csc-header-n2\">\n<div id=\"c7926\" class=\"csc-default\">\n<p><strong>Haftungshinweis<\/strong><br \/>\nTrotz sorgf\u00e4ltiger inhaltlicher Kontrolle \u00fcbernehmen wir keine Haftung f\u00fcr die Inhalte externer Links. F\u00fcr den Inhalt der verlinkten Seiten sind ausschlie\u00dflich deren Betreiber verantwortlich. Obwohl wir alles tun, um Ihre Daten zu sch\u00fctzen, m\u00fcssen wir unter gewissen Umst\u00e4nden aufgrund gesetzlicher Vorlagen und in F\u00e4llen, wo wir in gutem Glauben annehmen d\u00fcrfen, dass dies im Zusammenhang mit einem aktuellen gerichtlichen Verfahren, einem Gerichtsbeschluss oder einem rechtlichen Verfahren notwendig ist, pers\u00f6nliche Daten bekannt geben.<\/p>\n<\/div>\n<div id=\"c7920\" class=\"csc-default\">\n<div class=\"csc-header csc-header-n2\">\n<div id=\"c9041\" class=\"csc-default\">\n<p><b>Urheberrecht<br \/>\n<\/b>Rhomberg Sersa Vossloh GmbH ist stets bem\u00fcht, die Urheberrechte anderer Seiten zu beachten. Alle Inhalte unserer Internetseiten unterliegen dem Urheberrecht Deutschlands. Der Vervielf\u00e4ltigung, der Bearbeitung sowie der Verbreitung und jeglicher Art der Verwertung au\u00dferhalb der Grenzen dieses Urheberrechtes muss vom jeweiligen Autor bzw. Ersteller schriftlich zugestimmt werden. Downloads und Kopien dieser Seiten sind \u2013 sofern nicht anders gekennzeichnet \u2013 ausschlie\u00dflich f\u00fcr den privaten Gebrauch oder den Gebrauch im Zusammenhang mit den Bildungszielen von Ma\u00dfnahmen oder Veranstaltungen gestattet. F\u00fcr den kommerziellen Gebrauch sind Kopien und Inhalte dieser Seiten nicht gestattet.<\/p>\n<\/div>\n<\/div>\n<\/div>\n<\/div>\n<\/div>\n<\/div><\/div><\/div><\/div><\/div>\n","protected":false},"excerpt":{"rendered":"","protected":false},"author":2,"featured_media":0,"parent":0,"menu_order":0,"comment_status":"closed","ping_status":"closed","template":"template-blank-4.php","meta":[],"yoast_head":"<!-- This site is optimized with the Yoast SEO plugin v19.7.2 - https:\/\/yoast.com\/wordpress\/plugins\/seo\/ -->\n<title>Impressum - Rhomberg Sersa Vossloh GmbH<\/title>\n<meta name=\"robots\" content=\"index, follow, max-snippet:-1, max-image-preview:large, max-video-preview:-1\" \/>\n<link rel=\"canonical\" href=\"https:\/\/rsv.gmbh\/en\/impressum\/\" \/>\n<meta property=\"og:locale\" content=\"en_US\" \/>\n<meta property=\"og:type\" content=\"article\" \/>\n<meta property=\"og:title\" content=\"Impressum - Rhomberg Sersa Vossloh GmbH\" \/>\n<meta property=\"og:url\" content=\"https:\/\/rsv.gmbh\/en\/impressum\/\" \/>\n<meta property=\"og:site_name\" content=\"Rhomberg Sersa Vossloh GmbH\" \/>\n<meta property=\"article:modified_time\" content=\"2025-08-06T07:26:00+00:00\" \/>\n<meta name=\"twitter:card\" content=\"summary_large_image\" \/>\n<meta name=\"twitter:label1\" content=\"Est. reading time\" \/>\n\t<meta name=\"twitter:data1\" content=\"2 minutes\" \/>\n<script type=\"application\/ld+json\" class=\"yoast-schema-graph\">{\"@context\":\"https:\/\/schema.org\",\"@graph\":[{\"@type\":\"WebPage\",\"@id\":\"https:\/\/rsv.gmbh\/en\/impressum\/\",\"url\":\"https:\/\/rsv.gmbh\/en\/impressum\/\",\"name\":\"Impressum - Rhomberg Sersa Vossloh GmbH\",\"isPartOf\":{\"@id\":\"https:\/\/rsv.gmbh\/en\/#website\"},\"datePublished\":\"2016-11-24T16:24:55+00:00\",\"dateModified\":\"2025-08-06T07:26:00+00:00\",\"breadcrumb\":{\"@id\":\"https:\/\/rsv.gmbh\/en\/impressum\/#breadcrumb\"},\"inLanguage\":\"en-US\",\"potentialAction\":[{\"@type\":\"ReadAction\",\"target\":[\"https:\/\/rsv.gmbh\/en\/impressum\/\"]}]},{\"@type\":\"BreadcrumbList\",\"@id\":\"https:\/\/rsv.gmbh\/en\/impressum\/#breadcrumb\",\"itemListElement\":[{\"@type\":\"ListItem\",\"position\":1,\"name\":\"Startseite\",\"item\":\"https:\/\/rsv.gmbh\/en\/\"},{\"@type\":\"ListItem\",\"position\":2,\"name\":\"Impressum\"}]},{\"@type\":\"WebSite\",\"@id\":\"https:\/\/rsv.gmbh\/en\/#website\",\"url\":\"https:\/\/rsv.gmbh\/en\/\",\"name\":\"Rhomberg Sersa Vossloh GmbH\",\"description\":\"\",\"publisher\":{\"@id\":\"https:\/\/rsv.gmbh\/en\/#organization\"},\"potentialAction\":[{\"@type\":\"SearchAction\",\"target\":{\"@type\":\"EntryPoint\",\"urlTemplate\":\"https:\/\/rsv.gmbh\/en\/?s={search_term_string}\"},\"query-input\":\"required name=search_term_string\"}],\"inLanguage\":\"en-US\"},{\"@type\":\"Organization\",\"@id\":\"https:\/\/rsv.gmbh\/en\/#organization\",\"name\":\"Rhomberg Sersa Vossloh GmbH\",\"url\":\"https:\/\/rsv.gmbh\/en\/\",\"sameAs\":[],\"logo\":{\"@type\":\"ImageObject\",\"inLanguage\":\"en-US\",\"@id\":\"https:\/\/rsv.gmbh\/en\/#\/schema\/logo\/image\/\",\"url\":\"https:\/\/rsv.gmbh\/wp-content\/uploads\/2018\/12\/Logo_RSV.png\",\"contentUrl\":\"https:\/\/rsv.gmbh\/wp-content\/uploads\/2018\/12\/Logo_RSV.png\",\"width\":900,\"height\":385,\"caption\":\"Rhomberg Sersa Vossloh GmbH\"},\"image\":{\"@id\":\"https:\/\/rsv.gmbh\/en\/#\/schema\/logo\/image\/\"}}]}<\/script>\n<!-- \/ Yoast SEO plugin. -->","yoast_head_json":{"title":"Impressum - Rhomberg Sersa Vossloh GmbH","robots":{"index":"index","follow":"follow","max-snippet":"max-snippet:-1","max-image-preview":"max-image-preview:large","max-video-preview":"max-video-preview:-1"},"canonical":"https:\/\/rsv.gmbh\/en\/impressum\/","og_locale":"en_US","og_type":"article","og_title":"Impressum - Rhomberg Sersa Vossloh GmbH","og_url":"https:\/\/rsv.gmbh\/en\/impressum\/","og_site_name":"Rhomberg Sersa Vossloh GmbH","article_modified_time":"2025-08-06T07:26:00+00:00","twitter_card":"summary_large_image","twitter_misc":{"Est. reading time":"2 minutes"},"schema":{"@context":"https:\/\/schema.org","@graph":[{"@type":"WebPage","@id":"https:\/\/rsv.gmbh\/en\/impressum\/","url":"https:\/\/rsv.gmbh\/en\/impressum\/","name":"Impressum - Rhomberg Sersa Vossloh GmbH","isPartOf":{"@id":"https:\/\/rsv.gmbh\/en\/#website"},"datePublished":"2016-11-24T16:24:55+00:00","dateModified":"2025-08-06T07:26:00+00:00","breadcrumb":{"@id":"https:\/\/rsv.gmbh\/en\/impressum\/#breadcrumb"},"inLanguage":"en-US","potentialAction":[{"@type":"ReadAction","target":["https:\/\/rsv.gmbh\/en\/impressum\/"]}]},{"@type":"BreadcrumbList","@id":"https:\/\/rsv.gmbh\/en\/impressum\/#breadcrumb","itemListElement":[{"@type":"ListItem","position":1,"name":"Startseite","item":"https:\/\/rsv.gmbh\/en\/"},{"@type":"ListItem","position":2,"name":"Impressum"}]},{"@type":"WebSite","@id":"https:\/\/rsv.gmbh\/en\/#website","url":"https:\/\/rsv.gmbh\/en\/","name":"Rhomberg Sersa Vossloh GmbH","description":"","publisher":{"@id":"https:\/\/rsv.gmbh\/en\/#organization"},"potentialAction":[{"@type":"SearchAction","target":{"@type":"EntryPoint","urlTemplate":"https:\/\/rsv.gmbh\/en\/?s={search_term_string}"},"query-input":"required name=search_term_string"}],"inLanguage":"en-US"},{"@type":"Organization","@id":"https:\/\/rsv.gmbh\/en\/#organization","name":"Rhomberg Sersa Vossloh GmbH","url":"https:\/\/rsv.gmbh\/en\/","sameAs":[],"logo":{"@type":"ImageObject","inLanguage":"en-US","@id":"https:\/\/rsv.gmbh\/en\/#\/schema\/logo\/image\/","url":"https:\/\/rsv.gmbh\/wp-content\/uploads\/2018\/12\/Logo_RSV.png","contentUrl":"https:\/\/rsv.gmbh\/wp-content\/uploads\/2018\/12\/Logo_RSV.png","width":900,"height":385,"caption":"Rhomberg Sersa Vossloh GmbH"},"image":{"@id":"https:\/\/rsv.gmbh\/en\/#\/schema\/logo\/image\/"}}]}},"_links":{"self":[{"href":"https:\/\/rsv.gmbh\/en\/wp-json\/wp\/v2\/pages\/3760"}],"collection":[{"href":"https:\/\/rsv.gmbh\/en\/wp-json\/wp\/v2\/pages"}],"about":[{"href":"https:\/\/rsv.gmbh\/en\/wp-json\/wp\/v2\/types\/page"}],"author":[{"embeddable":true,"href":"https:\/\/rsv.gmbh\/en\/wp-json\/wp\/v2\/users\/2"}],"replies":[{"embeddable":true,"href":"https:\/\/rsv.gmbh\/en\/wp-json\/wp\/v2\/comments?post=3760"}],"version-history":[{"count":14,"href":"https:\/\/rsv.gmbh\/en\/wp-json\/wp\/v2\/pages\/3760\/revisions"}],"predecessor-version":[{"id":8453,"href":"https:\/\/rsv.gmbh\/en\/wp-json\/wp\/v2\/pages\/3760\/revisions\/8453"}],"wp:attachment":[{"href":"https:\/\/rsv.gmbh\/en\/wp-json\/wp\/v2\/media?parent=3760"}],"curies":[{"name":"wp","href":"https:\/\/api.w.org\/{rel}","templated":true}]}}